{"id":22,"date":"2019-05-04T16:08:38","date_gmt":"2019-05-04T14:08:38","guid":{"rendered":"http:\/\/mueller-freund.de\/?page_id=22"},"modified":"2019-10-22T19:05:06","modified_gmt":"2019-10-22T17:05:06","slug":"goldschmieden","status":"publish","type":"page","link":"http:\/\/mueller-freund.de\/?page_id=22","title":{"rendered":"Goldschmieden"},"content":{"rendered":"\n<p style=\"text-align:left\" class=\"has-medium-font-size\">Der Reiz beim\nGoldschmieden liegt im edlen Material und dem Wissen, dass das entstandene\nSchmuckst\u00fcck wirklich ein selbergemachtes Einzelst\u00fcck ist. Die Herausforderung des\nfiligranen Arbeitens war auch nicht ohne\u2026\u2026<\/p>\n\n\n\n<div class=\"wp-block-image\"><figure class=\"aligncenter is-resized\"><a href=\"http:\/\/mueller-freund.de\/wp-content\/uploads\/2019\/09\/Anh\u00e4nger-mit-Ohrstecker-Silber-Feingold-Perlen-2001.jpg\" target=\"_blank\" rel=\"noreferrer noopener\"><img decoding=\"async\" loading=\"lazy\" src=\"http:\/\/mueller-freund.de\/wp-content\/uploads\/2019\/09\/Anh\u00e4nger-mit-Ohrstecker-Silber-Feingold-Perlen-2001-1024x801.jpg\" alt=\"\" class=\"wp-image-198\" width=\"768\" height=\"601\" srcset=\"http:\/\/mueller-freund.de\/wp-content\/uploads\/2019\/09\/Anh\u00e4nger-mit-Ohrstecker-Silber-Feingold-Perlen-2001-1024x801.jpg 1024w, http:\/\/mueller-freund.de\/wp-content\/uploads\/2019\/09\/Anh\u00e4nger-mit-Ohrstecker-Silber-Feingold-Perlen-2001-300x235.jpg 300w, http:\/\/mueller-freund.de\/wp-content\/uploads\/2019\/09\/Anh\u00e4nger-mit-Ohrstecker-Silber-Feingold-Perlen-2001-768x601.jpg 768w, http:\/\/mueller-freund.de\/wp-content\/uploads\/2019\/09\/Anh\u00e4nger-mit-Ohrstecker-Silber-Feingold-Perlen-2001-1140x892.jpg 1140w, http:\/\/mueller-freund.de\/wp-content\/uploads\/2019\/09\/Anh\u00e4nger-mit-Ohrstecker-Silber-Feingold-Perlen-2001.jpg 1715w\" sizes=\"(max-width: 768px) 100vw, 768px\" \/><\/a><figcaption>Anh\u00e4nger mit Ohrstecker, Silber, Feingold, Perlen, 2001<\/figcaption><\/figure><\/div>\n\n\n\n<div class=\"wp-block-image\"><figure class=\"aligncenter\"><a href=\"http:\/\/mueller-freund.de\/wp-content\/uploads\/2019\/09\/Kettenanh\u00e4nger-Ohrstecker-Ring-Feingold-2001.jpg\" target=\"_blank\" rel=\"noreferrer noopener\"><img decoding=\"async\" loading=\"lazy\" width=\"1024\" height=\"637\" src=\"http:\/\/mueller-freund.de\/wp-content\/uploads\/2019\/09\/Kettenanh\u00e4nger-Ohrstecker-Ring-Feingold-2001-1024x637.jpg\" alt=\"\" class=\"wp-image-202\" srcset=\"http:\/\/mueller-freund.de\/wp-content\/uploads\/2019\/09\/Kettenanh\u00e4nger-Ohrstecker-Ring-Feingold-2001-1024x637.jpg 1024w, http:\/\/mueller-freund.de\/wp-content\/uploads\/2019\/09\/Kettenanh\u00e4nger-Ohrstecker-Ring-Feingold-2001-300x187.jpg 300w, http:\/\/mueller-freund.de\/wp-content\/uploads\/2019\/09\/Kettenanh\u00e4nger-Ohrstecker-Ring-Feingold-2001-768x477.jpg 768w, http:\/\/mueller-freund.de\/wp-content\/uploads\/2019\/09\/Kettenanh\u00e4nger-Ohrstecker-Ring-Feingold-2001-1140x709.jpg 1140w\" sizes=\"(max-width: 1024px) 100vw, 1024px\" \/><\/a><figcaption>5 Kettenanh\u00e4nger, Ohrstecker, Ring, Feingold, 2001<\/figcaption><\/figure><\/div>\n\n\n\n<div class=\"wp-block-image\"><figure class=\"aligncenter is-resized\"><a href=\"http:\/\/mueller-freund.de\/wp-content\/uploads\/2019\/09\/Ohrstecker-Silber-mit-Feingold-2002-2.jpg\" target=\"_blank\" rel=\"noreferrer noopener\"><img decoding=\"async\" loading=\"lazy\" src=\"http:\/\/mueller-freund.de\/wp-content\/uploads\/2019\/09\/Ohrstecker-Silber-mit-Feingold-2002-2-1024x792.jpg\" alt=\"\" class=\"wp-image-207\" width=\"512\" height=\"396\" srcset=\"http:\/\/mueller-freund.de\/wp-content\/uploads\/2019\/09\/Ohrstecker-Silber-mit-Feingold-2002-2-1024x792.jpg 1024w, http:\/\/mueller-freund.de\/wp-content\/uploads\/2019\/09\/Ohrstecker-Silber-mit-Feingold-2002-2-300x232.jpg 300w, http:\/\/mueller-freund.de\/wp-content\/uploads\/2019\/09\/Ohrstecker-Silber-mit-Feingold-2002-2-768x594.jpg 768w, http:\/\/mueller-freund.de\/wp-content\/uploads\/2019\/09\/Ohrstecker-Silber-mit-Feingold-2002-2-1140x882.jpg 1140w, http:\/\/mueller-freund.de\/wp-content\/uploads\/2019\/09\/Ohrstecker-Silber-mit-Feingold-2002-2.jpg 1202w\" sizes=\"(max-width: 512px) 100vw, 512px\" \/><\/a><figcaption>Ohrstecker, Silber mit Feingold, 2002<\/figcaption><\/figure><\/div>\n\n\n\n<div class=\"wp-block-image\"><figure class=\"aligncenter is-resized\"><a href=\"http:\/\/mueller-freund.de\/wp-content\/uploads\/2019\/09\/Anstecknadel-Silber-mit-Opaldublette-2002-1.jpg\" target=\"_blank\" rel=\"noreferrer noopener\"><img decoding=\"async\" loading=\"lazy\" src=\"http:\/\/mueller-freund.de\/wp-content\/uploads\/2019\/09\/Anstecknadel-Silber-mit-Opaldublette-2002-1-990x1024.jpg\" alt=\"\" class=\"wp-image-205\" width=\"743\" height=\"768\" srcset=\"http:\/\/mueller-freund.de\/wp-content\/uploads\/2019\/09\/Anstecknadel-Silber-mit-Opaldublette-2002-1-990x1024.jpg 990w, http:\/\/mueller-freund.de\/wp-content\/uploads\/2019\/09\/Anstecknadel-Silber-mit-Opaldublette-2002-1-290x300.jpg 290w, http:\/\/mueller-freund.de\/wp-content\/uploads\/2019\/09\/Anstecknadel-Silber-mit-Opaldublette-2002-1-768x795.jpg 768w, http:\/\/mueller-freund.de\/wp-content\/uploads\/2019\/09\/Anstecknadel-Silber-mit-Opaldublette-2002-1-1140x1180.jpg 1140w, http:\/\/mueller-freund.de\/wp-content\/uploads\/2019\/09\/Anstecknadel-Silber-mit-Opaldublette-2002-1.jpg 1840w\" sizes=\"(max-width: 743px) 100vw, 743px\" \/><\/a><figcaption>Anstecknadel, Silber mit Opaldublette, 2002<\/figcaption><\/figure><\/div>\n\n\n\n<div class=\"wp-block-image\"><figure class=\"aligncenter\"><a href=\"http:\/\/mueller-freund.de\/wp-content\/uploads\/2019\/08\/Anh\u00e4nger-Silber-mit-Feingoldfassung-und-Saphir-in-Cabochon-Schliff-2002.jpg\" target=\"_blank\" rel=\"noreferrer noopener\"><img decoding=\"async\" loading=\"lazy\" width=\"1024\" height=\"673\" src=\"http:\/\/mueller-freund.de\/wp-content\/uploads\/2019\/08\/Anh\u00e4nger-Silber-mit-Feingoldfassung-und-Saphir-in-Cabochon-Schliff-2002-1024x673.jpg\" alt=\"\" class=\"wp-image-106\" srcset=\"http:\/\/mueller-freund.de\/wp-content\/uploads\/2019\/08\/Anh\u00e4nger-Silber-mit-Feingoldfassung-und-Saphir-in-Cabochon-Schliff-2002-1024x673.jpg 1024w, http:\/\/mueller-freund.de\/wp-content\/uploads\/2019\/08\/Anh\u00e4nger-Silber-mit-Feingoldfassung-und-Saphir-in-Cabochon-Schliff-2002-300x197.jpg 300w, http:\/\/mueller-freund.de\/wp-content\/uploads\/2019\/08\/Anh\u00e4nger-Silber-mit-Feingoldfassung-und-Saphir-in-Cabochon-Schliff-2002-768x505.jpg 768w, http:\/\/mueller-freund.de\/wp-content\/uploads\/2019\/08\/Anh\u00e4nger-Silber-mit-Feingoldfassung-und-Saphir-in-Cabochon-Schliff-2002-1140x749.jpg 1140w\" sizes=\"(max-width: 1024px) 100vw, 1024px\" \/><\/a><figcaption>Anh\u00e4nger, Silber mit Feingold und Saphir in Cabochon-Schliff, 2002<br><\/figcaption><\/figure><\/div>\n\n\n\n<div class=\"wp-block-image\"><figure class=\"aligncenter\"><a href=\"http:\/\/mueller-freund.de\/wp-content\/uploads\/2019\/08\/Ring-Silber-mit-Feingoldfassung-und-Saphir-in-Cabochon-Schliff-2003.jpg\" target=\"_blank\" rel=\"noreferrer noopener\"><img decoding=\"async\" loading=\"lazy\" width=\"1024\" height=\"1003\" src=\"http:\/\/mueller-freund.de\/wp-content\/uploads\/2019\/08\/Ring-Silber-mit-Feingoldfassung-und-Saphir-in-Cabochon-Schliff-2003-1024x1003.jpg\" alt=\"\" class=\"wp-image-107\" srcset=\"http:\/\/mueller-freund.de\/wp-content\/uploads\/2019\/08\/Ring-Silber-mit-Feingoldfassung-und-Saphir-in-Cabochon-Schliff-2003-1024x1003.jpg 1024w, http:\/\/mueller-freund.de\/wp-content\/uploads\/2019\/08\/Ring-Silber-mit-Feingoldfassung-und-Saphir-in-Cabochon-Schliff-2003-300x294.jpg 300w, http:\/\/mueller-freund.de\/wp-content\/uploads\/2019\/08\/Ring-Silber-mit-Feingoldfassung-und-Saphir-in-Cabochon-Schliff-2003-768x753.jpg 768w, http:\/\/mueller-freund.de\/wp-content\/uploads\/2019\/08\/Ring-Silber-mit-Feingoldfassung-und-Saphir-in-Cabochon-Schliff-2003-1140x1117.jpg 1140w\" sizes=\"(max-width: 1024px) 100vw, 1024px\" \/><\/a><figcaption> Ring, Silber mit Feingold und Saphir in Cabochon-Schliff, 2002 <\/figcaption><\/figure><\/div>\n\n\n\n<div class=\"wp-block-image\"><figure class=\"aligncenter\"><a href=\"http:\/\/mueller-freund.de\/wp-content\/uploads\/2019\/08\/Anh\u00e4nger-und-Ohrstecker-Silber-mit-Feingoldstaub-2002-1.jpg\" target=\"_blank\" rel=\"noreferrer noopener\"><img decoding=\"async\" loading=\"lazy\" width=\"1024\" height=\"576\" src=\"http:\/\/mueller-freund.de\/wp-content\/uploads\/2019\/08\/Anh\u00e4nger-und-Ohrstecker-Silber-mit-Feingoldstaub-2002-1-1024x576.jpg\" alt=\"\" class=\"wp-image-128\" srcset=\"http:\/\/mueller-freund.de\/wp-content\/uploads\/2019\/08\/Anh\u00e4nger-und-Ohrstecker-Silber-mit-Feingoldstaub-2002-1-1024x576.jpg 1024w, http:\/\/mueller-freund.de\/wp-content\/uploads\/2019\/08\/Anh\u00e4nger-und-Ohrstecker-Silber-mit-Feingoldstaub-2002-1-300x169.jpg 300w, http:\/\/mueller-freund.de\/wp-content\/uploads\/2019\/08\/Anh\u00e4nger-und-Ohrstecker-Silber-mit-Feingoldstaub-2002-1-768x432.jpg 768w, http:\/\/mueller-freund.de\/wp-content\/uploads\/2019\/08\/Anh\u00e4nger-und-Ohrstecker-Silber-mit-Feingoldstaub-2002-1-1140x641.jpg 1140w\" sizes=\"(max-width: 1024px) 100vw, 1024px\" \/><\/a><figcaption>Anh\u00e4nger und Ohrstecker, Silber mit Feingold-Staub, 2003 <\/figcaption><\/figure><\/div>\n\n\n\n<div class=\"wp-block-image\"><figure class=\"aligncenter is-resized\"><a href=\"http:\/\/mueller-freund.de\/wp-content\/uploads\/2019\/09\/Anh\u00e4nger-Feingold-Silber-Diamant-in-alter-Fassung-2003.jpg\" target=\"_blank\" rel=\"noreferrer noopener\"><img decoding=\"async\" loading=\"lazy\" src=\"http:\/\/mueller-freund.de\/wp-content\/uploads\/2019\/09\/Anh\u00e4nger-Feingold-Silber-Diamant-in-alter-Fassung-2003-1024x973.jpg\" alt=\"\" class=\"wp-image-211\" width=\"768\" height=\"730\" srcset=\"http:\/\/mueller-freund.de\/wp-content\/uploads\/2019\/09\/Anh\u00e4nger-Feingold-Silber-Diamant-in-alter-Fassung-2003-1024x973.jpg 1024w, http:\/\/mueller-freund.de\/wp-content\/uploads\/2019\/09\/Anh\u00e4nger-Feingold-Silber-Diamant-in-alter-Fassung-2003-300x285.jpg 300w, http:\/\/mueller-freund.de\/wp-content\/uploads\/2019\/09\/Anh\u00e4nger-Feingold-Silber-Diamant-in-alter-Fassung-2003-768x730.jpg 768w, http:\/\/mueller-freund.de\/wp-content\/uploads\/2019\/09\/Anh\u00e4nger-Feingold-Silber-Diamant-in-alter-Fassung-2003-1140x1083.jpg 1140w, http:\/\/mueller-freund.de\/wp-content\/uploads\/2019\/09\/Anh\u00e4nger-Feingold-Silber-Diamant-in-alter-Fassung-2003.jpg 1965w\" sizes=\"(max-width: 768px) 100vw, 768px\" \/><\/a><figcaption>Anh\u00e4nger, Feingold, Silber, Diamant in alter Fassung, 2003<\/figcaption><\/figure><\/div>\n\n\n\n<div class=\"wp-block-image\"><figure class=\"aligncenter\"><a href=\"http:\/\/mueller-freund.de\/wp-content\/uploads\/2019\/08\/Anh\u00e4nger-Flu\u00dfkiesel-mit-Perle-Silber.jpg\" target=\"_blank\" rel=\"noreferrer noopener\"><img decoding=\"async\" loading=\"lazy\" width=\"1024\" height=\"749\" src=\"http:\/\/mueller-freund.de\/wp-content\/uploads\/2019\/08\/Anh\u00e4nger-Flu\u00dfkiesel-mit-Perle-Silber-1024x749.jpg\" alt=\"\" class=\"wp-image-94\" srcset=\"http:\/\/mueller-freund.de\/wp-content\/uploads\/2019\/08\/Anh\u00e4nger-Flu\u00dfkiesel-mit-Perle-Silber-1024x749.jpg 1024w, http:\/\/mueller-freund.de\/wp-content\/uploads\/2019\/08\/Anh\u00e4nger-Flu\u00dfkiesel-mit-Perle-Silber-300x219.jpg 300w, http:\/\/mueller-freund.de\/wp-content\/uploads\/2019\/08\/Anh\u00e4nger-Flu\u00dfkiesel-mit-Perle-Silber-768x562.jpg 768w, http:\/\/mueller-freund.de\/wp-content\/uploads\/2019\/08\/Anh\u00e4nger-Flu\u00dfkiesel-mit-Perle-Silber-1140x834.jpg 1140w\" sizes=\"(max-width: 1024px) 100vw, 1024px\" \/><\/a><figcaption>Anh\u00e4nger, Flu\u00dfkiesel-mit-Perle, Silber<\/figcaption><\/figure><\/div>\n\n\n\n<div class=\"wp-block-image\"><figure class=\"aligncenter\"><a href=\"http:\/\/mueller-freund.de\/wp-content\/uploads\/2019\/10\/Anh\u00e4nger-schw.-Stein-mit-Muschelst\u00fcck-Silber.jpg\"><img decoding=\"async\" loading=\"lazy\" width=\"1024\" height=\"681\" src=\"http:\/\/mueller-freund.de\/wp-content\/uploads\/2019\/10\/Anh\u00e4nger-schw.-Stein-mit-Muschelst\u00fcck-Silber-1024x681.jpg\" alt=\"\" class=\"wp-image-311\" srcset=\"http:\/\/mueller-freund.de\/wp-content\/uploads\/2019\/10\/Anh\u00e4nger-schw.-Stein-mit-Muschelst\u00fcck-Silber-1024x681.jpg 1024w, http:\/\/mueller-freund.de\/wp-content\/uploads\/2019\/10\/Anh\u00e4nger-schw.-Stein-mit-Muschelst\u00fcck-Silber-300x200.jpg 300w, http:\/\/mueller-freund.de\/wp-content\/uploads\/2019\/10\/Anh\u00e4nger-schw.-Stein-mit-Muschelst\u00fcck-Silber-768x511.jpg 768w, http:\/\/mueller-freund.de\/wp-content\/uploads\/2019\/10\/Anh\u00e4nger-schw.-Stein-mit-Muschelst\u00fcck-Silber-1140x758.jpg 1140w\" sizes=\"(max-width: 1024px) 100vw, 1024px\" \/><\/a><figcaption>Anh\u00e4nger, Flu\u00dfkiesel mit Muschelst\u00fcck, Silber<\/figcaption><\/figure><\/div>\n\n\n\n<div class=\"wp-block-image\"><figure class=\"aligncenter\"><a href=\"http:\/\/mueller-freund.de\/wp-content\/uploads\/2019\/09\/Perlenkette-Silber-Feingold-2003-1-1024x940.jpg\" target=\"_blank\" rel=\"noreferrer noopener\"><img decoding=\"async\" loading=\"lazy\" width=\"1024\" height=\"940\" src=\"http:\/\/mueller-freund.de\/wp-content\/uploads\/2019\/09\/Perlenkette-Silber-Feingold-2003-1-1024x940.jpg\" alt=\"\" class=\"wp-image-219\" srcset=\"http:\/\/mueller-freund.de\/wp-content\/uploads\/2019\/09\/Perlenkette-Silber-Feingold-2003-1-1024x940.jpg 1024w, http:\/\/mueller-freund.de\/wp-content\/uploads\/2019\/09\/Perlenkette-Silber-Feingold-2003-1-300x275.jpg 300w, http:\/\/mueller-freund.de\/wp-content\/uploads\/2019\/09\/Perlenkette-Silber-Feingold-2003-1-768x705.jpg 768w, http:\/\/mueller-freund.de\/wp-content\/uploads\/2019\/09\/Perlenkette-Silber-Feingold-2003-1-1140x1046.jpg 1140w\" sizes=\"(max-width: 1024px) 100vw, 1024px\" \/><\/a><figcaption>Perlenkette, Silber, Feingold, 2003<\/figcaption><\/figure><\/div>\n\n\n\n<div class=\"wp-block-image\"><figure class=\"aligncenter\"><a href=\"http:\/\/mueller-freund.de\/wp-content\/uploads\/2019\/09\/Kettenverschluss-an-bestehende-Korallenkette-und-Ohrstecker-Feingold-2008.jpg\" target=\"_blank\" rel=\"noreferrer noopener\"><img decoding=\"async\" loading=\"lazy\" width=\"685\" height=\"702\" src=\"http:\/\/mueller-freund.de\/wp-content\/uploads\/2019\/09\/Kettenverschluss-an-bestehende-Korallenkette-und-Ohrstecker-Feingold-2008.jpg\" alt=\"\" class=\"wp-image-217\" srcset=\"http:\/\/mueller-freund.de\/wp-content\/uploads\/2019\/09\/Kettenverschluss-an-bestehende-Korallenkette-und-Ohrstecker-Feingold-2008.jpg 685w, http:\/\/mueller-freund.de\/wp-content\/uploads\/2019\/09\/Kettenverschluss-an-bestehende-Korallenkette-und-Ohrstecker-Feingold-2008-293x300.jpg 293w\" sizes=\"(max-width: 685px) 100vw, 685px\" \/><\/a><figcaption>Kettenverschluss an bestehende Korallenkette und Ohrstecker, Feingold 2008<\/figcaption><\/figure><\/div>\n\n\n\n<div class=\"wp-block-image\"><figure class=\"aligncenter\"><a href=\"http:\/\/mueller-freund.de\/wp-content\/uploads\/2019\/09\/Kette-mit-Korallenabguss-2erlei-S\u00fcsswasserperlen-Silber-2009.jpg\" target=\"_blank\" rel=\"noreferrer noopener\"><img decoding=\"async\" loading=\"lazy\" width=\"818\" height=\"1024\" src=\"http:\/\/mueller-freund.de\/wp-content\/uploads\/2019\/09\/Kette-mit-Korallenabguss-2erlei-S\u00fcsswasserperlen-Silber-2009-818x1024.jpg\" alt=\"\" class=\"wp-image-215\" srcset=\"http:\/\/mueller-freund.de\/wp-content\/uploads\/2019\/09\/Kette-mit-Korallenabguss-2erlei-S\u00fcsswasserperlen-Silber-2009-818x1024.jpg 818w, http:\/\/mueller-freund.de\/wp-content\/uploads\/2019\/09\/Kette-mit-Korallenabguss-2erlei-S\u00fcsswasserperlen-Silber-2009-240x300.jpg 240w, http:\/\/mueller-freund.de\/wp-content\/uploads\/2019\/09\/Kette-mit-Korallenabguss-2erlei-S\u00fcsswasserperlen-Silber-2009-768x962.jpg 768w, http:\/\/mueller-freund.de\/wp-content\/uploads\/2019\/09\/Kette-mit-Korallenabguss-2erlei-S\u00fcsswasserperlen-Silber-2009.jpg 853w\" sizes=\"(max-width: 818px) 100vw, 818px\" \/><\/a><figcaption>Kette mit Korallenabguss, 2erlei S\u00fcsswasserperlen, Silber, 2009<\/figcaption><\/figure><\/div>\n\n\n\n<div class=\"wp-block-image\"><figure class=\"aligncenter\"><a href=\"http:\/\/mueller-freund.de\/wp-content\/uploads\/2019\/09\/Ohrstecker-und-Ring-Silber-Feingold-Olivin-Steine-aus-Lanzarote.jpg\" target=\"_blank\" rel=\"noreferrer noopener\"><img decoding=\"async\" loading=\"lazy\" width=\"930\" height=\"1024\" src=\"http:\/\/mueller-freund.de\/wp-content\/uploads\/2019\/09\/Ohrstecker-und-Ring-Silber-Feingold-Olivin-Steine-aus-Lanzarote-930x1024.jpg\" alt=\"\" class=\"wp-image-223\" srcset=\"http:\/\/mueller-freund.de\/wp-content\/uploads\/2019\/09\/Ohrstecker-und-Ring-Silber-Feingold-Olivin-Steine-aus-Lanzarote-930x1024.jpg 930w, http:\/\/mueller-freund.de\/wp-content\/uploads\/2019\/09\/Ohrstecker-und-Ring-Silber-Feingold-Olivin-Steine-aus-Lanzarote-272x300.jpg 272w, http:\/\/mueller-freund.de\/wp-content\/uploads\/2019\/09\/Ohrstecker-und-Ring-Silber-Feingold-Olivin-Steine-aus-Lanzarote-768x846.jpg 768w, http:\/\/mueller-freund.de\/wp-content\/uploads\/2019\/09\/Ohrstecker-und-Ring-Silber-Feingold-Olivin-Steine-aus-Lanzarote-1140x1256.jpg 1140w, http:\/\/mueller-freund.de\/wp-content\/uploads\/2019\/09\/Ohrstecker-und-Ring-Silber-Feingold-Olivin-Steine-aus-Lanzarote.jpg 1230w\" sizes=\"(max-width: 930px) 100vw, 930px\" \/><\/a><figcaption>Ohrstecker und Ring, Silber, Feingold, Olivin-Steine aus Lanzarote<\/figcaption><\/figure><\/div>\n\n\n\n<div class=\"wp-block-image\"><figure class=\"aligncenter\"><a href=\"http:\/\/mueller-freund.de\/wp-content\/uploads\/2019\/09\/K\u00f6nigskette-Silber-2009.jpg\" target=\"_blank\" rel=\"noreferrer noopener\"><img decoding=\"async\" loading=\"lazy\" width=\"1024\" height=\"885\" src=\"http:\/\/mueller-freund.de\/wp-content\/uploads\/2019\/09\/K\u00f6nigskette-Silber-2009-1024x885.jpg\" alt=\"\" class=\"wp-image-225\" srcset=\"http:\/\/mueller-freund.de\/wp-content\/uploads\/2019\/09\/K\u00f6nigskette-Silber-2009-1024x885.jpg 1024w, http:\/\/mueller-freund.de\/wp-content\/uploads\/2019\/09\/K\u00f6nigskette-Silber-2009-300x259.jpg 300w, http:\/\/mueller-freund.de\/wp-content\/uploads\/2019\/09\/K\u00f6nigskette-Silber-2009-768x664.jpg 768w, http:\/\/mueller-freund.de\/wp-content\/uploads\/2019\/09\/K\u00f6nigskette-Silber-2009-1140x985.jpg 1140w\" sizes=\"(max-width: 1024px) 100vw, 1024px\" \/><\/a><figcaption>K\u00f6nigskette, Silber, 2009<\/figcaption><\/figure><\/div>\n\n\n\n<div class=\"wp-block-image\"><figure class=\"aligncenter\"><a href=\"http:\/\/mueller-freund.de\/wp-content\/uploads\/2019\/09\/Kreuzanh\u00e4nger-Silber-2014.jpg\" target=\"_blank\" rel=\"noreferrer noopener\"><img decoding=\"async\" loading=\"lazy\" width=\"1024\" height=\"952\" src=\"http:\/\/mueller-freund.de\/wp-content\/uploads\/2019\/09\/Kreuzanh\u00e4nger-Silber-2014-1024x952.jpg\" alt=\"\" class=\"wp-image-213\" srcset=\"http:\/\/mueller-freund.de\/wp-content\/uploads\/2019\/09\/Kreuzanh\u00e4nger-Silber-2014-1024x952.jpg 1024w, http:\/\/mueller-freund.de\/wp-content\/uploads\/2019\/09\/Kreuzanh\u00e4nger-Silber-2014-300x279.jpg 300w, http:\/\/mueller-freund.de\/wp-content\/uploads\/2019\/09\/Kreuzanh\u00e4nger-Silber-2014-768x714.jpg 768w, http:\/\/mueller-freund.de\/wp-content\/uploads\/2019\/09\/Kreuzanh\u00e4nger-Silber-2014-1140x1060.jpg 1140w, http:\/\/mueller-freund.de\/wp-content\/uploads\/2019\/09\/Kreuzanh\u00e4nger-Silber-2014.jpg 1874w\" sizes=\"(max-width: 1024px) 100vw, 1024px\" \/><\/a><figcaption>Kreuzanh\u00e4nger, Silber, 2014<\/figcaption><\/figure><\/div>\n","protected":false},"excerpt":{"rendered":"<p>Der Reiz beim Goldschmieden liegt im edlen Material und dem Wissen, dass das entstandene Schmuckst\u00fcck wirklich ein selbergemachtes Einzelst\u00fcck ist. Die Herausforderung des filigranen Arbeitens<\/p>\n","protected":false},"author":2,"featured_media":0,"parent":16,"menu_order":0,"comment_status":"closed","ping_status":"closed","template":"","meta":[],"_links":{"self":[{"href":"http:\/\/mueller-freund.de\/index.php?rest_route=\/wp\/v2\/pages\/22"}],"collection":[{"href":"http:\/\/mueller-freund.de\/index.php?rest_route=\/wp\/v2\/pages"}],"about":[{"href":"http:\/\/mueller-freund.de\/index.php?rest_route=\/wp\/v2\/types\/page"}],"author":[{"embeddable":true,"href":"http:\/\/mueller-freund.de\/index.php?rest_route=\/wp\/v2\/users\/2"}],"replies":[{"embeddable":true,"href":"http:\/\/mueller-freund.de\/index.php?rest_route=%2Fwp%2Fv2%2Fcomments&post=22"}],"version-history":[{"count":38,"href":"http:\/\/mueller-freund.de\/index.php?rest_route=\/wp\/v2\/pages\/22\/revisions"}],"predecessor-version":[{"id":312,"href":"http:\/\/mueller-freund.de\/index.php?rest_route=\/wp\/v2\/pages\/22\/revisions\/312"}],"up":[{"embeddable":true,"href":"http:\/\/mueller-freund.de\/index.php?rest_route=\/wp\/v2\/pages\/16"}],"wp:attachment":[{"href":"http:\/\/mueller-freund.de\/index.php?rest_route=%2Fwp%2Fv2%2Fmedia&parent=22"}],"curies":[{"name":"wp","href":"https:\/\/api.w.org\/{rel}","templated":true}]}}